{"id":25154,"date":"2020-11-02T09:16:58","date_gmt":"2020-11-02T08:16:58","guid":{"rendered":"https:\/\/www.eisenhuthaus.com\/neu\/?page_id=25154"},"modified":"2024-11-08T14:29:15","modified_gmt":"2024-11-08T13:29:15","slug":"impressum","status":"publish","type":"page","link":"https:\/\/www.eisenhuthaus.com\/en\/impressum\/","title":{"rendered":"Impressum"},"content":{"rendered":"<div class=\"wpb-content-wrapper\"><p>[vc_row css=&#8220;.vc_custom_1604066899927{padding-top: 150px !important;}&#8220;][vc_column width=&#8220;1\/2&#8243; css=&#8220;.vc_custom_1542111606978{margin-top: -7px !important;}&#8220;][vc_custom_heading text=&#8220;F\u00fcr den Inhalt verantwortlich&#8220; font_container=&#8220;tag:h2|text_align:center&#8220; use_theme_fonts=&#8220;yes&#8220; css=&#8220;.vc_custom_1604305110751{margin-bottom: -05px !important;}&#8220;]<div class=\"clearboth\"><\/div><style>#thegem-divider-69f722390154e {margin-top: 50px !important;}<\/style><div id=\"thegem-divider-69f722390154e\" class=\"gem-divider  \" style=\"\" ><\/div>[vc_column_text]Wolfgang Rieder Eisenhuthaus GmbH<br \/>\nOberer Markt 10<br \/>\n2170 Poysdorf<\/p>\n<p>Telefon: +43 (0) 2552 40 202<br \/>\nEmail: <a href=\"mailto:office@eisenhuthaus.com\">office@eisenhuthaus.com<\/a><\/p>\n<p>Online-Streitbeilegung gem\u00e4\u00df Art. 14 Abs. 1 ODR-VO: Die Europ\u00e4ische Kommission stellt eine Plattform zur Online-Streitbeilegung (OS) unter <a href=\"https:\/\/ec.europa.eu\/consumers\/odr\/\" target=\"_blank\" rel=\"noopener\">https:\/\/ec.europa.eu\/consumers\/odr\/<\/a> bereit.<\/p>\n<p><strong><a href=\"https:\/\/firmen.wko.at\/wolfgang-rieder-eisenhuthaus-gmbh\/nieder%c3%b6sterreich\/?firmaid=9b760197-648d-44ab-9723-51935bb53307&amp;suchbegriff=eisenhuthaus\" target=\"_blank\" rel=\"noopener\">Informationspflicht lt. ECG und Mediengesetz auf wko.at<\/a><\/strong>[\/vc_column_text][\/vc_column][vc_column width=&#8220;1\/2&#8243;][\/vc_column][\/vc_row][vc_row][vc_column]<div class=\"clearboth\"><\/div><style>#thegem-divider-69f7223901558 {margin-top: 50px !important;}<\/style><div id=\"thegem-divider-69f7223901558\" class=\"gem-divider  \" style=\"\" ><\/div>[\/vc_column][\/vc_row][vc_row][vc_column width=&#8220;1\/2&#8243;][vc_custom_heading text=&#8220;Fotonachweise&#8220; font_container=&#8220;tag:h2|text_align:center&#8220; use_theme_fonts=&#8220;yes&#8220; css=&#8220;.vc_custom_1604304742677{margin-bottom: -05px !important;}&#8220;]<div class=\"clearboth\"><\/div><style>#thegem-divider-69f7223901561 {margin-top: 50px !important;}<\/style><div id=\"thegem-divider-69f7223901561\" class=\"gem-divider  \" style=\"\" ><\/div>[vc_column_text]<strong>Quelle \u2013 www.shutterstock.com<br \/>\nFormat: Bildnummer, Copyright;<\/strong><\/p>\n<p>149637890, boggy; 104307128, Andresr; 718642723, Africa Studio;[\/vc_column_text][\/vc_column][vc_column width=&#8220;1\/2&#8243;][\/vc_column][\/vc_row][vc_row][vc_column]<div class=\"clearboth\"><\/div><style>#thegem-divider-69f722390156a {margin-top: 50px !important;}<\/style><div id=\"thegem-divider-69f722390156a\" class=\"gem-divider  \" style=\"\" ><\/div>[\/vc_column][\/vc_row][vc_row][vc_column width=&#8220;1\/2&#8243;][vc_custom_heading text=&#8220;Copyright\/Haftungsausschluss&#8220; font_container=&#8220;tag:h2|text_align:center&#8220; use_theme_fonts=&#8220;yes&#8220; css=&#8220;.vc_custom_1604305007505{margin-bottom: -05px !important;}&#8220;]<div class=\"clearboth\"><\/div><style>#thegem-divider-69f7223901574 {margin-top: 50px !important;}<\/style><div id=\"thegem-divider-69f7223901574\" class=\"gem-divider  \" style=\"\" ><\/div>[\/vc_column][vc_column width=&#8220;1\/2&#8243;][\/vc_column][\/vc_row][vc_row][vc_column][vc_column_text]Inhalte (Bilder und Texte) dieser Website d\u00fcrfen ohne ausdr\u00fcckliche Zustimmung nicht f\u00fcr \u00fcber diese Website hinausgehende Zwecke verwendet werden. Wolfgang Rieder Eisenhuthaus GmbH \u00fcbernimmt keine Haftung f\u00fcr Datenverlust oder andere technische Beeintr\u00e4chtigungen, die beim Betrachten oder Herunterladen von Daten dieser Website entstehen k\u00f6nnen.<\/p>\n<p>Links zu Websites Dritter werden ausschliesslich als Angebot f\u00fcr den Nutzer zur Verf\u00fcgung gestellt. Damit verbunden ist keine Billigung des Inhalts dieser Websites durch Wolfgang Rieder Eisenhuthaus GmbH. Wolfgang Rieder Eisenhuthaus GmbH ist f\u00fcr den Inhalt dieser Websites nicht verantwortlich und steht daher auch nicht f\u00fcr den Inhalt und die Genauigkeit der Informationen auf diesen Websites ein. Jeder Zugriff auf diese Websites erfolgt auf eigene Verantwortung des Nutzers.<\/p>\n<p>Irrt\u00fcmer und \u00c4nderungen vorbehalten.[\/vc_column_text][vc_column_text][\/vc_column_text][\/vc_column][\/vc_row][vc_row][vc_column]<div class=\"clearboth\"><\/div><style>#thegem-divider-69f722390157c {margin-top: 50px !important;}<\/style><div id=\"thegem-divider-69f722390157c\" class=\"gem-divider  \" style=\"\" ><\/div>[\/vc_column][\/vc_row][vc_row][vc_column width=&#8220;1\/2&#8243;][vc_custom_heading text=&#8220;Copyright\/Haftungsausschluss&#8220; font_container=&#8220;tag:h2|text_align:center&#8220; use_theme_fonts=&#8220;yes&#8220; css=&#8220;.vc_custom_1604305007505{margin-bottom: -05px !important;}&#8220;]<div class=\"clearboth\"><\/div><style>#thegem-divider-69f7223901584 {margin-top: 50px !important;}<\/style><div id=\"thegem-divider-69f7223901584\" class=\"gem-divider  \" style=\"\" ><\/div>[\/vc_column][vc_column width=&#8220;1\/2&#8243;][\/vc_column][\/vc_row][vc_row][vc_column][vc_column_text]Life Design \u2013 Die Webagentur im Weinviertel<br \/>\nMillenniumsstra\u00dfe 30<br \/>\n2170 Poysdorf<br \/>\nTelefon: <a href=\"tel:0043255220889\" target=\"_blank\" rel=\"noopener\">+43 2552 20889<\/a><br \/>\nE-Mail: <a href=\"mailto:go@lifedesign.at\">go@lifedesign.at<\/a><br \/>\nWebseite: <a href=\"https:\/\/www.lifedesign.at\" target=\"_blank\" rel=\"noopener\">www.lifedesign.at<\/a>[\/vc_column_text][vc_column_text][\/vc_column_text][\/vc_column][\/vc_row]<\/p>\n<\/div>","protected":false},"excerpt":{"rendered":"<p>[vc_row css=&#8220;.vc_custom_1604066899927{padding-top: 150px !important;}&#8220;][vc_column width=&#8220;1\/2&#8243; css=&#8220;.vc_custom_1542111606978{margin-top: -7px !important;}&#8220;][vc_custom_heading text=&#8220;F\u00fcr den Inhalt verantwortlich&#8220; font_container=&#8220;tag:h2|text_align:center&#8220; use_theme_fonts=&#8220;yes&#8220; css=&#8220;.vc_custom_1604305110751{margin-bottom: -05px !important;}&#8220;][vc_column_text]Wolfgang Rieder Eisenhuthaus GmbH&#8230;<\/p>\n","protected":false},"author":1,"featured_media":0,"parent":0,"menu_order":0,"comment_status":"closed","ping_status":"closed","template":"","meta":{"footnotes":""},"class_list":["post-25154","page","type-page","status-publish"],"_links":{"self":[{"href":"https:\/\/www.eisenhuthaus.com\/en\/wp-json\/wp\/v2\/pages\/25154","targetHints":{"allow":["GET"]}}],"collection":[{"href":"https:\/\/www.eisenhuthaus.com\/en\/wp-json\/wp\/v2\/pages"}],"about":[{"href":"https:\/\/www.eisenhuthaus.com\/en\/wp-json\/wp\/v2\/types\/page"}],"author":[{"embeddable":true,"href":"https:\/\/www.eisenhuthaus.com\/en\/wp-json\/wp\/v2\/users\/1"}],"replies":[{"embeddable":true,"href":"https:\/\/www.eisenhuthaus.com\/en\/wp-json\/wp\/v2\/comments?post=25154"}],"version-history":[{"count":13,"href":"https:\/\/www.eisenhuthaus.com\/en\/wp-json\/wp\/v2\/pages\/25154\/revisions"}],"predecessor-version":[{"id":26085,"href":"https:\/\/www.eisenhuthaus.com\/en\/wp-json\/wp\/v2\/pages\/25154\/revisions\/26085"}],"wp:attachment":[{"href":"https:\/\/www.eisenhuthaus.com\/en\/wp-json\/wp\/v2\/media?parent=25154"}],"curies":[{"name":"wp","href":"https:\/\/api.w.org\/{rel}","templated":true}]}}