{"id":25158,"date":"2020-11-02T09:30:27","date_gmt":"2020-11-02T08:30:27","guid":{"rendered":"https:\/\/www.eisenhuthaus.com\/neu\/?page_id=25158"},"modified":"2025-11-25T10:43:19","modified_gmt":"2025-11-25T09:43:19","slug":"datenschutz","status":"publish","type":"page","link":"https:\/\/www.eisenhuthaus.com\/cs\/datenschutz\/","title":{"rendered":"Datenschutz"},"content":{"rendered":"<div class=\"wpb-content-wrapper\"><p>[vc_row css=&#8220;.vc_custom_1604066899927{padding-top: 150px !important;}&#8220;][vc_column width=&#8220;1\/2&#8243; css=&#8220;.vc_custom_1542111606978{margin-top: -7px !important;}&#8220;][vc_custom_heading text=&#8220;Datenschutzerkl\u00e4rung&#8220; font_container=&#8220;tag:h2|text_align:center&#8220; use_theme_fonts=&#8220;yes&#8220; css=&#8220;.vc_custom_1604305346596{margin-bottom: -05px !important;}&#8220;][\/vc_column][vc_column width=&#8220;1\/2&#8243;][\/vc_column][\/vc_row][vc_row][vc_column]<div class=\"clearboth\"><\/div><style>#thegem-divider-69f41b0282861 {margin-top: 50px !important;}<\/style><div id=\"thegem-divider-69f41b0282861\" class=\"gem-divider  \" style=\"\" ><\/div>[vc_column_text css=&#8220;&#8220;]Der Schutz Ihrer pers\u00f6nlichen Daten ist uns ein besonderes Anliegen. Wir verarbeiten Ihre Daten daher ausschlie\u00dflich auf Grundlage der gesetzlichen Bestimmungen (DSGVO, TKG 2003). In diesen Datenschutzinformationen informieren wir Sie \u00fcber die wichtigsten Aspekte der Datenverarbeitung im Rahmen unserer Website.<\/p>\n<p>[borlabs-cookie type=&#8220;btn-consent-preferences&#8220; title=&#8220;Cookie Einstellungen anpassen&#8220;\/]<\/p>\n<p>&nbsp;<\/p>\n<h3>Hosting bei HostProfis<\/h3>\n<p>Unsere Website wird von HostProfis ISP Telekom GmbH (Rennweg 9, 9587 Riegersdorf, \u00d6sterreich) gehostet. Wir haben mit HostProfis einen Auftragsverarbeitungsvertrag (Art.\u202f28 DSGVO) geschlossen, um sicherzustellen, dass Ihre personenbezogenen Daten dort nach den gesetzlichen Vorgaben verarbeitet werden. Weitere Informationen zum Datenschutz bei HostProfis finden Sie unter: https:\/\/www.hostprofis.com\/web\/data-protection<\/p>\n<p>Server-Logfiles &amp; IP-Anonymisierung<\/p>\n<ul>\n<li>Automatische Erfassung: Bei jedem Zugriff auf unsere Website werden automatisch Informationen in Server-Logfiles gespeichert (z.\u202fB. Apache Access Log, Error Log, FTP Access Log, E-Mail Logs). Diese enthalten unter anderem Datum und Uhrzeit des Zugriffs, Name und URL der abgerufenen Datei, Referrer-URL, Browser- und Systeminformationen sowie eine IP-Adresse.<\/li>\n<li>Speicherdauer: Laut HostProfis werden diese Logfiles f\u00fcr 31\u202fTage r\u00fcckwirkend gespeichert und anschlie\u00dfend automatisiert gel\u00f6scht. Authentifizierungs-Logfiles (z.\u202fB. Anmeldeversuche) werden f\u00fcr 90\u202fTage aufbewahrt<\/li>\n<li>\u00a0IP-Anonymisierung: Wir haben bei HostProfis die Option zur IP-Adressen-Anonymisierung aktiviert.<\/li>\n<\/ul>\n<h3>Verendete Systeme &amp; Plugins<\/h3>\n<p><strong>Verwendung von WordPress<\/strong><br \/>\nDiese Website basiert auf dem Content-Management-System (CMS) WordPress, das von der WordPress Foundation (660 4th Street, San Francisco, CA 94107, USA) entwickelt wurde.<\/p>\n<p>Cookies: WordPress verwendet technisch notwendige Cookies, um z.\u202fB. Logins zu erm\u00f6glichen oder Nutzerpr\u00e4ferenzen zu speichern.<br \/>\nWP Emojis: Externe Ressourcen von wordpress.org k\u00f6nnen geladen werden, wobei die IP-Adresse an Server in den USA \u00fcbertragen werden kann.<\/p>\n<p><strong>Borlabs Cookie<\/strong><br \/>\nDiese Website verwendet Borlabs Cookie, das ein technisch notwendiges Cookie (borlabs-cookie) setzt, um Ihre Cookie-Einwilligungen zu speichern.<br \/>\nBorlabs Cookie verarbeitet keinerlei personenbezogenen Daten.<br \/>\nIm Cookie borlabs-cookie werden Ihre Einwilligungen gespeichert, die Sie beim Betreten der Website gegeben haben. M\u00f6chten Sie diese Einwilligungen widerrufen, l\u00f6schen Sie einfach das Cookie in Ihrem Browser. Wenn Sie die Website neu betreten\/neu laden, werden Sie erneut nach Ihrer Cookie-Einwilligung gefragt.<\/p>\n<p><strong>Web-Analyse<\/strong><br \/>\nUnsere Website verwendet Funktionen des Webanalysedienstes bei HostProfis ISP Telekom GmbH (Firmensitz \u00d6sterreich). Dazu werden Cookies verwendet, die eine Analyse der Benutzung der Website durch Ihre Benutzer erm\u00f6glicht. Die dadurch erzeugten Informationen werden auf den Server des Anbieters \u00fcbertragen und dort gespeichert.<br \/>\nSie k\u00f6nnen dies verhindern, indem Sie Ihren Browser so einrichten, dass keine Cookies gespeichert werden. Ihre IP-Adresse wird erfasst, aber umgehend durch L\u00f6schung der letzten 8 Bit pseudonymisiert. Dadurch ist nur mehr eine grobe Lokalisierung m\u00f6glich. Es werden keine Daten ins EU-Ausland \u00fcbertragen.<br \/>\nDie Datenverarbeitung erfolgt auf Basis der gesetzlichen Bestimmungen des \u00a7 96 Abs 3 TKG sowie des Art 6 Abs 1 lit a (Einwilligung) und\/oder f (berechtigtes Interesse) der DSGVO. Unser Anliegen im Sinne der DSGVO (berechtigtes Interesse) ist die Verbesserung unseres Angebotes und unseres Webauftritts. Da uns die Privatsph\u00e4re unserer Nutzer wichtig ist, werden die Nutzerdaten pseudonymisiert.<\/p>\n<p>Die Nutzerdaten werden f\u00fcr die Dauer von 1 Jahr aufbewahrt.<\/p>\n<p><strong>Google Analytics Datenschutzerkl\u00e4rung<\/strong><br \/>\nWir verwenden auf dieser Webseite Google Analytics der Firma Google Inc. (1600 Amphitheatre Parkway Mountain View, CA 94043, USA) um Besucherdaten statistisch auszuwerten. Dabei verwendet Google Analytics zielorientierte Cookies.<br \/>\nN\u00e4here Informationen zu Nutzungsbedingungen und Datenschutz finden Sie unter <a href=\"http:\/\/www.google.com\/analytics\/terms\/de.html\" target=\"_blank\" rel=\"noopener\">http:\/\/www.google.com\/analytics\/terms\/de.html<\/a> bzw. unter <a href=\"https:\/\/support.google.com\/analytics\/answer\/6004245?hl=de\" target=\"_blank\" rel=\"noopener\">https:\/\/support.google.com\/analytics\/answer\/6004245?hl=de<\/a>.<\/p>\n<p><strong>Newsletter<\/strong><br \/>\nWenn Sie sich fu\u0308r unseren Newsletter anmelden und uns damit Ihre Einwilligung (Art 6 Abs 1 lit a DS-GVO) erteilen, verarbeiten wir Ihren Namen und Ihre E-Mail-Adresse zum Zweck des Versands unseres Newsletters. Ihre personenbezogenen Daten werden bis zu Ihrer Abmeldung vom Newsletter bzw. dem Widerruf Ihrer Einwilligung gespeichert.<\/p>\n<p>Sie k\u00f6nnen Ihre Einwilligung jederzeit widerrufen bzw. den Newsletter abbestellen, indem Sie eine Nachricht an die E-Mail-Adresse office@eisenhuthaus.com schicken oder auf den Link zum Abmelden am Ende jedes Newsletters klicken oder uns in einer anderen Form benachrichtigen.<\/p>\n<p><strong>Google Fonts Datenschutzerkl\u00e4rung<\/strong><br \/>\nWir verwenden Google Fonts der Firma Google Inc. (1600 Amphitheatre Parkway Mountain View, CA 94043, USA) auf unserer Webseite. Die Verwendung von Google Fonts erfolgt ohne Authentisierung und es werden keine Cookies and die Google Fonts API gesendet.<br \/>\nSollten Sie ein Konto bei Google haben, werden keine Ihrer Google-Kontodaten an Google w\u00e4hrend der Nutzung von Google Fonts \u00fcbermittelt. Google erfasst lediglich die Nutzung von CSS und der verwendeten Fonts und speichert diese Daten sicher. Mehr zu diesen und weiteren Fragen finden Sie auf <a href=\"https:\/\/developers.google.com\/fonts\/faq\" target=\"_blank\" rel=\"noopener noreferrer\">https:\/\/developers.google.com\/fonts\/faq<\/a>.<br \/>\nWelche Daten von Google erfasst werden und wof\u00fcr diese Daten verwendet werden, k\u00f6nnen Sie auf <a href=\"https:\/\/www.google.com\/intl\/de\/policies\/privacy\/\" target=\"_blank\" rel=\"noopener noreferrer\">https:\/\/www.google.com\/intl\/de\/policies\/privacy\/<\/a> nachlesen.<\/p>\n<p>Smash Balloon Plugin<br \/>\nWir verwenden auf unserer Website das Plugin Smash Balloon, um Social-Media-Inhalte, insbesondere von Facebook, anzuzeigen. Betreiber des Plugins ist Smash Balloon LLC.<\/p>\n<p>Datenverarbeitung:<br \/>\n\u2022 Automatische Erfassung: Beim Laden der Social-Media-Inhalte stellt Ihr Browser eine Verbindung zu den Servern der jeweiligen Social-Media-Plattformen her (z.\u202fB. Facebook). Dabei wird Ihre IP-Adresse an diese Plattformen \u00fcbermittelt.<br \/>\n\u2022 Externe Skripte: Das Plugin kann externe Skripte laden, um die Social-Media-Inhalte korrekt darzustellen. Diese Skripte k\u00f6nnen Daten wie Ihre IP-Adresse erfassen.<br \/>\n\u2022 Cookies: Das Plugin selbst setzt keine Cookies zur Speicherung personenbezogener Daten. Allerdings k\u00f6nnen eingebettete Social-Media-Inhalte (z.\u202fB. Facebook-Like-Buttons) Cookies verwenden, um das Nutzerverhalten zu analysieren.<\/p>\n<p>Rechtsgrundlage: Einwilligung (Art. 6 Abs. 1 lit. a DSGVO): Die Einbindung der Social-Media-Inhalte erfolgt nur mit Ihrer ausdr\u00fccklichen Zustimmung, die Sie \u00fcber unser Cookie-Banner erteilen k\u00f6nnen.<\/p>\n<p>Weitere Informationen: Smash Balloon Datenschutzrichtlinie: <a href=\"https:\/\/smashballoon.com\/gdpr-and-our-plugins\/\" target=\"_blank\" rel=\"noopener\">https:\/\/smashballoon.com\/gdpr-and-our-plugins\/<\/a><br \/>\nFacebook Datenschutzrichtlinie: <a href=\"https:\/\/www.facebook.com\/about\/privacy\/\" target=\"_blank\" rel=\"noopener\">https:\/\/www.facebook.com\/about\/privacy\/<\/a><\/p>\n<p><strong>YouTube Datenschutzerkl\u00e4rung<\/strong><br \/>\nWir verwenden auf dieser Seite des Videodienstes YouTube, der Firma YouTube, LLC, 901 Cherry Ave., San Bruno, CA 94066, USA.<br \/>\nDurch das Aufrufen von Seiten unserer Webseite, die YouTube Videos integriert haben, werden Daten an YouTube \u00fcbertragen, gespeichert und ausgewertet.<br \/>\nSollten Sie ein YouTube-Konto haben und angemeldet sein, werden diese Daten Ihrem pers\u00f6nlichen Konto und den darin gespeicherten Daten zugeordnet.<br \/>\nWelche Daten von Google erfasst werden und wof\u00fcr diese Daten verwendet werden, k\u00f6nnen Sie auf <a href=\"https:\/\/www.google.com\/intl\/de\/policies\/privacy\/\" target=\"_blank\" rel=\"noopener\">https:\/\/www.google.com\/intl\/de\/policies\/privacy\/<\/a> nachlesen.<\/p>\n<p><strong>Google Maps Datenschutzerkl\u00e4rung<\/strong><br \/>\nWir verwenden Google Maps der Firma Google Inc. (1600 Amphitheatre Parkway Mountain View, CA 94043, USA) auf unserer Webseite.<br \/>\nDurch die Nutzung der Funktionen dieser Karte werden Daten an Google \u00fcbertragen. Welche Daten von Google erfasst werden und wof\u00fcr diese Daten verwendet werden, k\u00f6nnen Sie auf <a href=\"https:\/\/www.google.com\/intl\/de\/policies\/privacy\/\" target=\"_blank\" rel=\"noopener noreferrer\">https:\/\/www.google.com\/intl\/de\/policies\/privacy\/<\/a> nachlesen.<\/p>\n<p><strong>Google ReCaptcha<\/strong><br \/>\nWir verwenden \u201cGoogle reCAPTCHA\u201d auf unserer Webseite von der Firma Google Inc., (1600 Amphitheatre Parkway, Mountain View, CA 94043, USA). Mit Google reCAPTCHA wird \u00fcberpr\u00fcft, ob die Eingabe von Daten auf unserer Webseite (Beispiel beim Kontaktformular) durch ein automatisches Programm (Code) oder durch einen Menschen erfolgt. Um das festzustellen, analysiert Google reCAPTCHA das Verhalten des Besuchers auf der Webseite durch die \u00dcberpr\u00fcfung von verschiedensten Merkmalen. Der Start der Analyse beginnt, wenn der Besucher die Webseite betritt. Bei der Analyse wertet Google reCAPTCHA mehrere Informationen aus (wie z.B. die IP-Adresse, Dauer des Besuches auf der Webseite, etc.). Die erfassten Daten der Analyse werden an die Firma Google weitergeleitet. Eine Analyse l\u00e4uft im Hintergrund, sodass der Webseiten Besucher nicht darauf hingewiesen, dass eine Analyse stattfindet. Eine Datenverarbeitung erfolgt auf Grundlage von Art. 6 Abs. 1 lit. f DSGVO. Es besteht ein berechtigtes Interesse daran, die Webseite vor missbr\u00e4uchlicher automatischer Aussp\u00e4hung durch maschinelles Auslesen und vor SPAM zu sch\u00fctzen.<br \/>\nWeitere Informationen zu Google reCAPCHTA finden Sie unter <a href=\"https:\/\/developers.google.com\/recaptcha?hl=de\" target=\"_blank\" rel=\"noopener\">https:\/\/developers.google.com\/recaptcha?hl=de<\/a> sowie die Datenschutzerkl\u00e4rung der Firma Google unter <a href=\"https:\/\/policies.google.com\/privacy?hl=de\" target=\"_blank\" rel=\"noopener\">https:\/\/policies.google.com\/privacy?hl=de<\/a>.<\/p>\n<p><strong>WPForms \u2013 Kontaktformular<\/strong><br \/>\nWir nutzen auf unserer Website das Plugin WPForms, um Kontaktanfragen zu verwalten. Der Anbieter dieses Plugins ist WPForms LLC, 7732 Maywood Crest Dr, West Palm Beach, FL 33412, USA. Wenn Sie uns \u00fcber das Kontaktformular eine Anfrage senden, werden die von Ihnen eingegebenen Daten (z. B. Name, E-Mail-Adresse, Telefonnummer, Nachrichtentext) zum Zweck der Bearbeitung Ihrer Anfrage und f\u00fcr den Fall von Anschlussfragen bei uns gespeichert. Die Verarbeitung dieser Daten erfolgt gem\u00e4\u00df Art. 6 Abs. 1 lit. b DSGVO (Vertragserf\u00fcllung oder vorvertragliche Ma\u00dfnahmen) oder auf Grundlage unseres berechtigten Interesses an einer effizienten Kommunikation mit Websitebesuchern nach Art. 6 Abs. 1 lit. f DSGVO.<\/p>\n<p>Die \u00fcbermittelten Daten werden nicht ohne Ihre Einwilligung weitergegeben. Sofern keine gesetzlichen Aufbewahrungspflichten bestehen, werden Ihre Daten gel\u00f6scht, sobald Ihre Anfrage abschlie\u00dfend bearbeitet ist.<\/p>\n<p>Daten\u00fcbertragung und Speicherung<br \/>\nWPForms speichert die Formulardaten in der Regel lokal in der WordPress-Datenbank auf unserem Server. Eine Weiterleitung an WPForms LLC oder Dritte findet nicht automatisch statt, es sei denn, Sie haben ausdr\u00fccklich in zus\u00e4tzliche Dienste (z. B. E-Mail-Marketing, CRM-Integration) eingewilligt. Wenn Sie uns eine Nachricht \u00fcbermitteln, erfolgt die Daten\u00fcbertragung verschl\u00fcsselt (SSL\/TLS).<\/p>\n<p>Mehr Informationen zur Datenverarbeitung durch WPForms finden Sie unter<a href=\"https:\/\/wpforms.com\/privacy-policy\/\" target=\"_blank\" rel=\"noopener\"> https:\/\/wpforms.com\/privacy-policy\/<\/a><\/p>\n<p><strong>Verwendung von qTranslate XT<\/strong><br \/>\nUnsere Website nutzt das Plugin qTranslate XT, um Inhalte mehrsprachig darzustellen. Dabei wird ein Funktions-Cookie gespeichert, das lediglich die gew\u00e4hlte Sprache festh\u00e4lt:<\/p>\n<ul>\n<li>qtrans_frontend_language \u2013 speichert die bevorzugte Sprache des Nutzers (Speicherdauer: bis zu 1 Jahr).<\/li>\n<\/ul>\n<p>Dieses Cookie enth\u00e4lt keine personenbezogenen Daten. Eine Datenweitergabe an Dritte findet nicht statt. Die Nutzung erfolgt auf Grundlage unseres berechtigten Interesses an einer nutzerfreundlichen, mehrsprachigen Darstellung gem\u00e4\u00df Art. 6 Abs. 1 lit. f DSGVO.<\/p>\n<h3>Ihre Rechte als betroffene Person<\/h3>\n<p>Sie haben gem\u00e4\u00df DSGVO folgende Rechte:<\/p>\n<p>\u2022 Auskunft (Art. 15 DSGVO) \u2013 Welche Daten verarbeiten wir \u00fcber Sie?<br \/>\n\u2022 Berichtigung (Art. 16 DSGVO) \u2013 Korrektur unrichtiger Daten<br \/>\n\u2022 L\u00f6schung (Art. 17 DSGVO) \u2013 \u201eRecht auf Vergessenwerden\u201c<br \/>\n\u2022 Einschr\u00e4nkung der Verarbeitung (Art. 18 DSGVO)<br \/>\n\u2022 Daten\u00fcbertragbarkeit (Art. 20 DSGVO)<br \/>\n\u2022 Widerspruch (Art. 21 DSGVO)<br \/>\n\u2022 Widerruf einer Einwilligung (Art. 7 Abs. 3 DSGVO)<br \/>\nZur Aus\u00fcbung dieser Rechte kontaktieren Sie uns bitte unter<\/p>\n<p><strong>Wolfgang Rieder Eisenhuthaus GmbH<\/strong><br \/>\nOberer Markt 10<br \/>\n2170 Poysdorf<\/p>\n<p>Telefon: +43 (0) 2552 40 202<br \/>\nEmail: <a href=\"mailto:office@eisenhuthaus.com\" rel=\"noopener\">office@eisenhuthaus.com<\/a><\/p>\n<h3>Beschwerderecht bei der Datenschutzbeh\u00f6rde<\/h3>\n<p>Wenn Sie der Meinung sind, dass die Verarbeitung Ihrer Daten gegen die DSGVO verst\u00f6\u00dft, k\u00f6nnen Sie sich an die \u00f6sterreichische Datenschutzbeh\u00f6rde wenden:<\/p>\n<p>\u00d6sterreichische Datenschutzbeh\u00f6rde<br \/>\nBarichgasse 40-42<br \/>\n1030 Wien<br \/>\nTelefon: +43 1 52 152-0<br \/>\nE-Mail: dsb@dsb.gv.at<br \/>\nWebsite: https:\/\/www.dsb.gv.at<\/p>\n<h3>Aktualit\u00e4t und \u00c4nderungen dieser Datenschutzerkl\u00e4rung<\/h3>\n<p>Diese Datenschutzerkl\u00e4rung hat den Stand November 2025[\/vc_column_text][\/vc_column][\/vc_row]<\/p>\n<\/div>","protected":false},"excerpt":{"rendered":"<p>[vc_row css=&#8220;.vc_custom_1604066899927{padding-top: 150px !important;}&#8220;][vc_column width=&#8220;1\/2&#8243; css=&#8220;.vc_custom_1542111606978{margin-top: -7px !important;}&#8220;][vc_custom_heading text=&#8220;Datenschutzerkl\u00e4rung&#8220; font_container=&#8220;tag:h2|text_align:center&#8220; use_theme_fonts=&#8220;yes&#8220; css=&#8220;.vc_custom_1604305346596{margin-bottom: -05px !important;}&#8220;][\/vc_column][vc_column width=&#8220;1\/2&#8243;][\/vc_column][\/vc_row][vc_row][vc_column][vc_column_text css=&#8220;&#8220;]Der Schutz Ihrer pers\u00f6nlichen Daten&#8230;<\/p>\n","protected":false},"author":1,"featured_media":0,"parent":0,"menu_order":0,"comment_status":"closed","ping_status":"closed","template":"","meta":{"footnotes":""},"class_list":["post-25158","page","type-page","status-publish"],"_links":{"self":[{"href":"https:\/\/www.eisenhuthaus.com\/cs\/wp-json\/wp\/v2\/pages\/25158","targetHints":{"allow":["GET"]}}],"collection":[{"href":"https:\/\/www.eisenhuthaus.com\/cs\/wp-json\/wp\/v2\/pages"}],"about":[{"href":"https:\/\/www.eisenhuthaus.com\/cs\/wp-json\/wp\/v2\/types\/page"}],"author":[{"embeddable":true,"href":"https:\/\/www.eisenhuthaus.com\/cs\/wp-json\/wp\/v2\/users\/1"}],"replies":[{"embeddable":true,"href":"https:\/\/www.eisenhuthaus.com\/cs\/wp-json\/wp\/v2\/comments?post=25158"}],"version-history":[{"count":18,"href":"https:\/\/www.eisenhuthaus.com\/cs\/wp-json\/wp\/v2\/pages\/25158\/revisions"}],"predecessor-version":[{"id":26167,"href":"https:\/\/www.eisenhuthaus.com\/cs\/wp-json\/wp\/v2\/pages\/25158\/revisions\/26167"}],"wp:attachment":[{"href":"https:\/\/www.eisenhuthaus.com\/cs\/wp-json\/wp\/v2\/media?parent=25158"}],"curies":[{"name":"wp","href":"https:\/\/api.w.org\/{rel}","templated":true}]}}